{"id":1115,"date":"2023-03-23T18:26:04","date_gmt":"2023-03-23T17:26:04","guid":{"rendered":"https:\/\/tourderetro.net\/?page_id=1115"},"modified":"2023-03-24T17:57:08","modified_gmt":"2023-03-24T16:57:08","slug":"regulamin","status":"publish","type":"page","link":"https:\/\/tourderetro.net\/pl\/algemene-voorwaarden\/","title":{"rendered":"Regulamin"},"content":{"rendered":"<div data-elementor-type=\"wp-page\" data-elementor-id=\"1115\" class=\"elementor elementor-1115\" data-elementor-post-type=\"page\">\n\t\t\t\t<div class=\"elementor-element elementor-element-3a00b85 e-flex e-con-boxed e-con e-parent\" data-id=\"3a00b85\" data-element_type=\"container\" data-e-type=\"container\">\n\t\t\t\t\t<div class=\"e-con-inner\">\n\t\t<div class=\"elementor-element elementor-element-7238b94 e-con-full e-flex e-con e-parent\" data-id=\"7238b94\" data-element_type=\"container\" data-e-type=\"container\">\n\t\t\t\t<\/div>\n\t\t<div class=\"elementor-element elementor-element-5651323 e-con-full e-flex e-con e-parent\" data-id=\"5651323\" data-element_type=\"container\" data-e-type=\"container\">\n\t\t\t\t<div class=\"elementor-element elementor-element-3cf8451 elementor-widget elementor-widget-image\" data-id=\"3cf8451\" data-element_type=\"widget\" data-e-type=\"widget\" data-widget_type=\"image.default\">\n\t\t\t\t<div class=\"elementor-widget-container\">\n\t\t\t\t\t\t\t\t\t\t\t\t\t\t\t<img fetchpriority=\"high\" decoding=\"async\" width=\"515\" height=\"479\" src=\"https:\/\/tourderetro.net\/wp-content\/uploads\/2023\/02\/official_badge.png\" class=\"attachment-large size-large wp-image-162\" alt=\"\" srcset=\"https:\/\/tourderetro.net\/wp-content\/uploads\/2023\/02\/official_badge.png 515w, https:\/\/tourderetro.net\/wp-content\/uploads\/2023\/02\/official_badge-300x279.png 300w\" sizes=\"(max-width: 515px) 100vw, 515px\" \/>\t\t\t\t\t\t\t\t\t\t\t\t\t\t\t<\/div>\n\t\t\t\t<\/div>\n\t\t\t\t<\/div>\n\t\t<div class=\"elementor-element elementor-element-b69e1b2 e-con-full e-flex e-con e-parent\" data-id=\"b69e1b2\" data-element_type=\"container\" data-e-type=\"container\">\n\t\t\t\t<\/div>\n\t\t\t\t\t<\/div>\n\t\t\t\t<\/div>\n\t\t<div class=\"elementor-element elementor-element-bb4ecb2 e-flex e-con-boxed e-con e-parent\" data-id=\"bb4ecb2\" data-element_type=\"container\" data-e-type=\"container\">\n\t\t\t\t\t<div class=\"e-con-inner\">\n\t\t\t\t<div class=\"elementor-element elementor-element-fa0a17c elementor-widget elementor-widget-heading\" data-id=\"fa0a17c\" data-element_type=\"widget\" data-e-type=\"widget\" data-widget_type=\"heading.default\">\n\t\t\t\t<div class=\"elementor-widget-container\">\n\t\t\t\t\t<h1 class=\"elementor-heading-title elementor-size-default\">REGULAMIN TOUR DE RETRO<\/h1>\t\t\t\t<\/div>\n\t\t\t\t<\/div>\n\t\t\t\t<div class=\"elementor-element elementor-element-51c6572 elementor-widget elementor-widget-text-editor\" data-id=\"51c6572\" data-element_type=\"widget\" data-e-type=\"widget\" data-widget_type=\"text-editor.default\">\n\t\t\t\t<div class=\"elementor-widget-container\">\n\t\t\t\t\t\t\t\t\t<ul>\n<li>Udzia\u0142 w TOUR DE RETRO firmy Connecting Minds BV odbywa si\u0119 na w\u0142asne ryzyko.<\/li>\n<li>Dow\u00f3d uczestnictwa jest ostatecznie wa\u017cny dopiero po op\u0142aceniu (pe\u0142nej) kwoty op\u0142aty rejestracyjnej.<\/li>\n<li>Organizacja zastrzega sobie prawo do wykluczenia uczestnik\u00f3w tej wycieczki, kt\u00f3rzy s\u0105 winni niew\u0142a\u015bciwego post\u0119powania wobec<br>innych u\u017cytkownik\u00f3w dr\u00f3g i innych uczestnik\u00f3w oraz nieprzestrzeganie przepis\u00f3w prawa (ruchu).<\/li>\n<li>Uczestnik mo\u017ce zosta\u0107 wykluczony z dalszego udzia\u0142u w przypadku nieuprawnionego zachowania, nieprzestrzegania przepis\u00f3w ruchu drogowego oraz niestosowania si\u0119 do polece\u0144 policji, kontroler\u00f3w ruchu i\/lub organizacji.<\/li>\n<li>Po zarejestrowaniu si\u0119 nie mo\u017cna ju\u017c anulowa\u0107 i nie ma mo\u017cliwo\u015bci zwrotu op\u0142aty rejestracyjnej.<\/li>\n<li>Udzia\u0142 w wycieczce i dost\u0119p do punkt\u00f3w pomocy na trasie jest mo\u017cliwy tylko dla zarejestrowanych uczestnik\u00f3w. S\u0105 oni zobowi\u0105zani do noszenia wyra\u017anie widocznej kierownicy.<\/li>\n<li>Bilety uczestnictwa s\u0105 \u015bci\u015ble imienne i nie mog\u0105 by\u0107 przekazywane osobom trzecim. Dane osobowe na certyfikacie uczestnictwa nie b\u0119d\u0105 pod \u017cadnym pozorem zmieniane przez organizacj\u0119.<\/li>\n<li>Akceptuj\u0105c znak na kierownicy, uczestnicy o\u015bwiadczaj\u0105, \u017ce ich stan zdrowia pozwala na uko\u0144czenie wycieczki oraz posiadanie odpowiedniego roweru.<\/li>\n<li>Noszenie dobrego kasku rowerowego jest obowi\u0105zkowe podczas ca\u0142ej wycieczki.<br>Charakter imprezy nie jest konkursem, a turystycznym tourn\u00e9e performatywnym.<\/li>\n<li>Uczestnicy musz\u0105 zachowywa\u0107 si\u0119 jak wszyscy inni u\u017cytkownicy dr\u00f3g i nie zajmowa\u0107 wyj\u0105tkowej pozycji. Obowi\u0105zuj\u0105 wszystkie przepisy ruchu drogowego i nale\u017cy ich przestrzega\u0107.<\/li>\n<li>Obejmuje to r\u00f3wnie\u017c jazd\u0119 na rowerze obok siebie. Dozwolone jest maksymalnie 2, pod warunkiem, \u017ce nie powoduje to \u017cadnych uci\u0105\u017cliwo\u015bci.<\/li>\n<li>Uczestnicy szanuj\u0105 innych u\u017cytkownik\u00f3w dr\u00f3g i mieszka\u0144c\u00f3w.<\/li>\n<li>Uczestnicy szanuj\u0105 przyrod\u0119 i \u015brodowisko, a odpady (w tym sk\u00f3rki od banan\u00f3w) wrzucaj\u0105 do wyznaczonych pojemnik\u00f3w na starcie, punktach pomocy i mecie.<\/li>\n<li>Uczestnicy s\u0105 w pe\u0142ni \u015bwiadomi wszystkich zagro\u017ce\u0144 zwi\u0105zanych z uczestnictwem. Uczestnicy czuwaj\u0105 nad w\u0142asnym bezpiecze\u0144stwem oraz nad bezpiecze\u0144stwem innych u\u017cytkownik\u00f3w drogi.<\/li>\n<li>Korzystanie z pojazd\u00f3w pod\u0105\u017caj\u0105cych jest zabronione.<\/li>\n<li>Organizacja nie ponosi \u017cadnej odpowiedzialno\u015bci za wypadki, uszkodzenia lub utrat\u0119 i\/lub kradzie\u017c rzeczy osobistych uczestnika.<\/li>\n<li>Uczestnicy musz\u0105 niezw\u0142ocznie zastosowa\u0107 si\u0119 do polece\u0144 policji i organizacji.<\/li>\n<li>Zawodnicy mog\u0105 zosta\u0107 wykluczeni z dalszego udzia\u0142u w przypadku nieuprawnionego zachowania, nieprzestrzegania przepis\u00f3w ruchu drogowego oraz niestosowania si\u0119 do polece\u0144 policji i organizacji.<\/li>\n<li>Uczestnicy mog\u0105 pojawia\u0107 si\u0119 na materia\u0142ach zdj\u0119ciowych i wideo wykorzystywanych w celach promocyjnych i o\u015bwiadczy\u0107, \u017ce wyra\u017caj\u0105 na to zgod\u0119 poprzez udzia\u0142.<\/li><li>Kupon retro-cycling.com jest wa\u017cny do 25 czerwca 2024 roku.<\/li>\n<\/ul>\n<h2>Uczestnik deklaruje:<\/h2>\n<ul>\n<li>Zapozna\u0107 si\u0119 z przepisami (post\u0119powania) i przestrzega\u0107 ich.<\/li>\n<li>We\u017a udzia\u0142 w TOUR DE RETRO firmy Connecting Minds BV na w\u0142asne ryzyko.<\/li>\n<li>Aby zako\u0144czy\u0107 wycieczk\u0119 jest wystarczaj\u0105co zdrowe.<\/li>\n<li>Mie\u0107 odpowiedni materia\u0142.<\/li>\n<\/ul>\t\t\t\t\t\t\t\t<\/div>\n\t\t\t\t<\/div>\n\t\t\t\t<div class=\"elementor-element elementor-element-b377369 elementor-widget elementor-widget-spacer\" data-id=\"b377369\" data-element_type=\"widget\" data-e-type=\"widget\" data-widget_type=\"spacer.default\">\n\t\t\t\t<div class=\"elementor-widget-container\">\n\t\t\t\t\t\t\t<div class=\"elementor-spacer\">\n\t\t\t<div class=\"elementor-spacer-inner\"><\/div>\n\t\t<\/div>\n\t\t\t\t\t\t<\/div>\n\t\t\t\t<\/div>\n\t\t\t\t\t<\/div>\n\t\t\t\t<\/div>\n\t\t\t\t<\/div>","protected":false},"excerpt":{"rendered":"<p>ALGEMENE VOORWAARDEN TOUR DE RETRO Deelname aan TOUR DE RETRO van Connecting Minds BV is geheel op eigen risico. Een deelnamebewijs is pas definitief geldig indien het (volledig) verschuldigde bedrag aan inschrijfgeld is voldaan. De organisatie behoudt zich het recht voor om deelnemers van deze toertocht die zich schuldig maken aan wangedrag ten opzichte vanmedeweggebruikers [&hellip;]<\/p>\n","protected":false},"author":3,"featured_media":0,"parent":0,"menu_order":0,"comment_status":"closed","ping_status":"closed","template":"","meta":{"_acf_changed":false,"footnotes":""},"class_list":["post-1115","page","type-page","status-publish","hentry"],"acf":[],"yoast_head":"<!-- This site is optimized with the Yoast SEO plugin v27.3 - https:\/\/yoast.com\/product\/yoast-seo-wordpress\/ -->\n<title>Algemene voorwaarden - Tour de Retro<\/title>\n<meta name=\"robots\" content=\"index, follow, max-snippet:-1, max-image-preview:large, max-video-preview:-1\" \/>\n<link rel=\"canonical\" href=\"https:\/\/tourderetro.net\/pl\/regulamin\/\" \/>\n<meta property=\"og:locale\" content=\"pl_PL\" \/>\n<meta property=\"og:type\" content=\"article\" \/>\n<meta property=\"og:title\" content=\"Algemene voorwaarden - Tour de Retro\" \/>\n<meta property=\"og:description\" content=\"ALGEMENE VOORWAARDEN TOUR DE RETRO Deelname aan TOUR DE RETRO van Connecting Minds BV is geheel op eigen risico. Een deelnamebewijs is pas definitief geldig indien het (volledig) verschuldigde bedrag aan inschrijfgeld is voldaan. De organisatie behoudt zich het recht voor om deelnemers van deze toertocht die zich schuldig maken aan wangedrag ten opzichte vanmedeweggebruikers [&hellip;]\" \/>\n<meta property=\"og:url\" content=\"https:\/\/tourderetro.net\/pl\/regulamin\/\" \/>\n<meta property=\"og:site_name\" content=\"Tour de Retro\" \/>\n<meta property=\"article:modified_time\" content=\"2023-03-24T16:57:08+00:00\" \/>\n<meta property=\"og:image\" content=\"https:\/\/tourderetro.net\/wp-content\/uploads\/2023\/02\/official_badge.png\" \/>\n<meta name=\"twitter:card\" content=\"summary_large_image\" \/>\n<meta name=\"twitter:label1\" content=\"Szacowany czas czytania\" \/>\n\t<meta name=\"twitter:data1\" content=\"2 minuty\" \/>\n<script type=\"application\/ld+json\" class=\"yoast-schema-graph\">{\"@context\":\"https:\\\/\\\/schema.org\",\"@graph\":[{\"@type\":\"WebPage\",\"@id\":\"https:\\\/\\\/tourderetro.net\\\/algemene-voorwaarden\\\/\",\"url\":\"https:\\\/\\\/tourderetro.net\\\/algemene-voorwaarden\\\/\",\"name\":\"Algemene voorwaarden - Tour de Retro\",\"isPartOf\":{\"@id\":\"https:\\\/\\\/tourderetro.net\\\/#website\"},\"primaryImageOfPage\":{\"@id\":\"https:\\\/\\\/tourderetro.net\\\/algemene-voorwaarden\\\/#primaryimage\"},\"image\":{\"@id\":\"https:\\\/\\\/tourderetro.net\\\/algemene-voorwaarden\\\/#primaryimage\"},\"thumbnailUrl\":\"https:\\\/\\\/tourderetro.net\\\/wp-content\\\/uploads\\\/2023\\\/02\\\/official_badge.png\",\"datePublished\":\"2023-03-23T17:26:04+00:00\",\"dateModified\":\"2023-03-24T16:57:08+00:00\",\"breadcrumb\":{\"@id\":\"https:\\\/\\\/tourderetro.net\\\/algemene-voorwaarden\\\/#breadcrumb\"},\"inLanguage\":\"pl-PL\",\"potentialAction\":[{\"@type\":\"ReadAction\",\"target\":[\"https:\\\/\\\/tourderetro.net\\\/algemene-voorwaarden\\\/\"]}]},{\"@type\":\"ImageObject\",\"inLanguage\":\"pl-PL\",\"@id\":\"https:\\\/\\\/tourderetro.net\\\/algemene-voorwaarden\\\/#primaryimage\",\"url\":\"https:\\\/\\\/tourderetro.net\\\/wp-content\\\/uploads\\\/2023\\\/02\\\/official_badge.png\",\"contentUrl\":\"https:\\\/\\\/tourderetro.net\\\/wp-content\\\/uploads\\\/2023\\\/02\\\/official_badge.png\"},{\"@type\":\"BreadcrumbList\",\"@id\":\"https:\\\/\\\/tourderetro.net\\\/algemene-voorwaarden\\\/#breadcrumb\",\"itemListElement\":[{\"@type\":\"ListItem\",\"position\":1,\"name\":\"Home\",\"item\":\"https:\\\/\\\/tourderetro.net\\\/\"},{\"@type\":\"ListItem\",\"position\":2,\"name\":\"Algemene voorwaarden\"}]},{\"@type\":\"WebSite\",\"@id\":\"https:\\\/\\\/tourderetro.net\\\/#website\",\"url\":\"https:\\\/\\\/tourderetro.net\\\/\",\"name\":\"Tour de Retro\",\"description\":\"Tour de retro | Wieler-event | Eindhoven\",\"publisher\":{\"@id\":\"https:\\\/\\\/tourderetro.net\\\/#organization\"},\"potentialAction\":[{\"@type\":\"SearchAction\",\"target\":{\"@type\":\"EntryPoint\",\"urlTemplate\":\"https:\\\/\\\/tourderetro.net\\\/?s={search_term_string}\"},\"query-input\":{\"@type\":\"PropertyValueSpecification\",\"valueRequired\":true,\"valueName\":\"search_term_string\"}}],\"inLanguage\":\"pl-PL\"},{\"@type\":\"Organization\",\"@id\":\"https:\\\/\\\/tourderetro.net\\\/#organization\",\"name\":\"Tour de Retro\",\"url\":\"https:\\\/\\\/tourderetro.net\\\/\",\"logo\":{\"@type\":\"ImageObject\",\"inLanguage\":\"pl-PL\",\"@id\":\"https:\\\/\\\/tourderetro.net\\\/#\\\/schema\\\/logo\\\/image\\\/\",\"url\":\"https:\\\/\\\/tourderetro.net\\\/wp-content\\\/uploads\\\/2023\\\/02\\\/Logo_original.png\",\"contentUrl\":\"https:\\\/\\\/tourderetro.net\\\/wp-content\\\/uploads\\\/2023\\\/02\\\/Logo_original.png\",\"width\":500,\"height\":141,\"caption\":\"Tour de Retro\"},\"image\":{\"@id\":\"https:\\\/\\\/tourderetro.net\\\/#\\\/schema\\\/logo\\\/image\\\/\"}}]}<\/script>\n<!-- \/ Yoast SEO plugin. -->","yoast_head_json":{"title":"Regulamin \u2014 Tour de Retro","robots":{"index":"index","follow":"follow","max-snippet":"max-snippet:-1","max-image-preview":"max-image-preview:large","max-video-preview":"max-video-preview:-1"},"canonical":"https:\/\/tourderetro.net\/pl\/regulamin\/","og_locale":"pl_PL","og_type":"article","og_title":"Algemene voorwaarden - Tour de Retro","og_description":"ALGEMENE VOORWAARDEN TOUR DE RETRO Deelname aan TOUR DE RETRO van Connecting Minds BV is geheel op eigen risico. Een deelnamebewijs is pas definitief geldig indien het (volledig) verschuldigde bedrag aan inschrijfgeld is voldaan. De organisatie behoudt zich het recht voor om deelnemers van deze toertocht die zich schuldig maken aan wangedrag ten opzichte vanmedeweggebruikers [&hellip;]","og_url":"https:\/\/tourderetro.net\/pl\/regulamin\/","og_site_name":"Tour de Retro","article_modified_time":"2023-03-24T16:57:08+00:00","og_image":[{"url":"https:\/\/tourderetro.net\/wp-content\/uploads\/2023\/02\/official_badge.png","type":"","width":"","height":""}],"twitter_card":"summary_large_image","twitter_misc":{"Szacowany czas czytania":"2 minuty"},"schema":{"@context":"https:\/\/schema.org","@graph":[{"@type":"WebPage","@id":"https:\/\/tourderetro.net\/algemene-voorwaarden\/","url":"https:\/\/tourderetro.net\/algemene-voorwaarden\/","name":"Regulamin \u2014 Tour de Retro","isPartOf":{"@id":"https:\/\/tourderetro.net\/#website"},"primaryImageOfPage":{"@id":"https:\/\/tourderetro.net\/algemene-voorwaarden\/#primaryimage"},"image":{"@id":"https:\/\/tourderetro.net\/algemene-voorwaarden\/#primaryimage"},"thumbnailUrl":"https:\/\/tourderetro.net\/wp-content\/uploads\/2023\/02\/official_badge.png","datePublished":"2023-03-23T17:26:04+00:00","dateModified":"2023-03-24T16:57:08+00:00","breadcrumb":{"@id":"https:\/\/tourderetro.net\/algemene-voorwaarden\/#breadcrumb"},"inLanguage":"pl-PL","potentialAction":[{"@type":"ReadAction","target":["https:\/\/tourderetro.net\/algemene-voorwaarden\/"]}]},{"@type":"ImageObject","inLanguage":"pl-PL","@id":"https:\/\/tourderetro.net\/algemene-voorwaarden\/#primaryimage","url":"https:\/\/tourderetro.net\/wp-content\/uploads\/2023\/02\/official_badge.png","contentUrl":"https:\/\/tourderetro.net\/wp-content\/uploads\/2023\/02\/official_badge.png"},{"@type":"BreadcrumbList","@id":"https:\/\/tourderetro.net\/algemene-voorwaarden\/#breadcrumb","itemListElement":[{"@type":"ListItem","position":1,"name":"Home","item":"https:\/\/tourderetro.net\/"},{"@type":"ListItem","position":2,"name":"Algemene voorwaarden"}]},{"@type":"WebSite","@id":"https:\/\/tourderetro.net\/#website","url":"https:\/\/tourderetro.net\/","name":"Zwiedzaj retro","description":"Wycieczka retro | Wydarzenie rowerowe | Eindhoven","publisher":{"@id":"https:\/\/tourderetro.net\/#organization"},"potentialAction":[{"@type":"SearchAction","target":{"@type":"EntryPoint","urlTemplate":"https:\/\/tourderetro.net\/?s={search_term_string}"},"query-input":{"@type":"PropertyValueSpecification","valueRequired":true,"valueName":"search_term_string"}}],"inLanguage":"pl-PL"},{"@type":"Organization","@id":"https:\/\/tourderetro.net\/#organization","name":"Zwiedzaj retro","url":"https:\/\/tourderetro.net\/","logo":{"@type":"ImageObject","inLanguage":"pl-PL","@id":"https:\/\/tourderetro.net\/#\/schema\/logo\/image\/","url":"https:\/\/tourderetro.net\/wp-content\/uploads\/2023\/02\/Logo_original.png","contentUrl":"https:\/\/tourderetro.net\/wp-content\/uploads\/2023\/02\/Logo_original.png","width":500,"height":141,"caption":"Tour de Retro"},"image":{"@id":"https:\/\/tourderetro.net\/#\/schema\/logo\/image\/"}}]}},"_links":{"self":[{"href":"https:\/\/tourderetro.net\/pl\/wp-json\/wp\/v2\/pages\/1115","targetHints":{"allow":["GET"]}}],"collection":[{"href":"https:\/\/tourderetro.net\/pl\/wp-json\/wp\/v2\/pages"}],"about":[{"href":"https:\/\/tourderetro.net\/pl\/wp-json\/wp\/v2\/types\/page"}],"author":[{"embeddable":true,"href":"https:\/\/tourderetro.net\/pl\/wp-json\/wp\/v2\/users\/3"}],"replies":[{"embeddable":true,"href":"https:\/\/tourderetro.net\/pl\/wp-json\/wp\/v2\/comments?post=1115"}],"version-history":[{"count":10,"href":"https:\/\/tourderetro.net\/pl\/wp-json\/wp\/v2\/pages\/1115\/revisions"}],"predecessor-version":[{"id":1275,"href":"https:\/\/tourderetro.net\/pl\/wp-json\/wp\/v2\/pages\/1115\/revisions\/1275"}],"wp:attachment":[{"href":"https:\/\/tourderetro.net\/pl\/wp-json\/wp\/v2\/media?parent=1115"}],"curies":[{"name":"wp","href":"https:\/\/api.w.org\/{rel}","templated":true}]}}