{"id":1115,"date":"2023-03-23T18:26:04","date_gmt":"2023-03-23T17:26:04","guid":{"rendered":"https:\/\/tourderetro.net\/?page_id=1115"},"modified":"2023-03-24T17:57:08","modified_gmt":"2023-03-24T16:57:08","slug":"termes-et-conditions","status":"publish","type":"page","link":"https:\/\/tourderetro.net\/fr\/algemene-voorwaarden\/","title":{"rendered":"Termes et conditions"},"content":{"rendered":"<div data-elementor-type=\"wp-page\" data-elementor-id=\"1115\" class=\"elementor elementor-1115\" data-elementor-post-type=\"page\">\n\t\t\t\t<div class=\"elementor-element elementor-element-3a00b85 e-flex e-con-boxed e-con e-parent\" data-id=\"3a00b85\" data-element_type=\"container\" data-e-type=\"container\">\n\t\t\t\t\t<div class=\"e-con-inner\">\n\t\t<div class=\"elementor-element elementor-element-7238b94 e-con-full e-flex e-con e-parent\" data-id=\"7238b94\" data-element_type=\"container\" data-e-type=\"container\">\n\t\t\t\t<\/div>\n\t\t<div class=\"elementor-element elementor-element-5651323 e-con-full e-flex e-con e-parent\" data-id=\"5651323\" data-element_type=\"container\" data-e-type=\"container\">\n\t\t\t\t<div class=\"elementor-element elementor-element-3cf8451 elementor-widget elementor-widget-image\" data-id=\"3cf8451\" data-element_type=\"widget\" data-e-type=\"widget\" data-widget_type=\"image.default\">\n\t\t\t\t<div class=\"elementor-widget-container\">\n\t\t\t\t\t\t\t\t\t\t\t\t\t\t\t<img fetchpriority=\"high\" decoding=\"async\" width=\"515\" height=\"479\" src=\"https:\/\/tourderetro.net\/wp-content\/uploads\/2023\/02\/official_badge.png\" class=\"attachment-large size-large wp-image-162\" alt=\"\" srcset=\"https:\/\/tourderetro.net\/wp-content\/uploads\/2023\/02\/official_badge.png 515w, https:\/\/tourderetro.net\/wp-content\/uploads\/2023\/02\/official_badge-300x279.png 300w\" sizes=\"(max-width: 515px) 100vw, 515px\" \/>\t\t\t\t\t\t\t\t\t\t\t\t\t\t\t<\/div>\n\t\t\t\t<\/div>\n\t\t\t\t<\/div>\n\t\t<div class=\"elementor-element elementor-element-b69e1b2 e-con-full e-flex e-con e-parent\" data-id=\"b69e1b2\" data-element_type=\"container\" data-e-type=\"container\">\n\t\t\t\t<\/div>\n\t\t\t\t\t<\/div>\n\t\t\t\t<\/div>\n\t\t<div class=\"elementor-element elementor-element-bb4ecb2 e-flex e-con-boxed e-con e-parent\" data-id=\"bb4ecb2\" data-element_type=\"container\" data-e-type=\"container\">\n\t\t\t\t\t<div class=\"e-con-inner\">\n\t\t\t\t<div class=\"elementor-element elementor-element-fa0a17c elementor-widget elementor-widget-heading\" data-id=\"fa0a17c\" data-element_type=\"widget\" data-e-type=\"widget\" data-widget_type=\"heading.default\">\n\t\t\t\t<div class=\"elementor-widget-container\">\n\t\t\t\t\t<h1 class=\"elementor-heading-title elementor-size-default\">TERMES ET CONDITIONS TOUR DE RETRO<\/h1>\t\t\t\t<\/div>\n\t\t\t\t<\/div>\n\t\t\t\t<div class=\"elementor-element elementor-element-51c6572 elementor-widget elementor-widget-text-editor\" data-id=\"51c6572\" data-element_type=\"widget\" data-e-type=\"widget\" data-widget_type=\"text-editor.default\">\n\t\t\t\t<div class=\"elementor-widget-container\">\n\t\t\t\t\t\t\t\t\t<ul>\n<li>La participation au TOUR DE RETRO de Connecting Minds BV est enti\u00e8rement \u00e0 vos propres risques.<\/li>\n<li>Une preuve de participation n&#039;est d\u00e9finitivement valable que si le montant (int\u00e9gral) d\u00fb au titre des frais d&#039;inscription a \u00e9t\u00e9 pay\u00e9.<\/li>\n<li>L&#039;organisation se r\u00e9serve le droit d&#039;exclure les participants de ce tour qui se sont rendus coupables d&#039;inconduite envers<br>les autres usagers de la route et autres participants ainsi que le non-respect des r\u00e8gles l\u00e9gales (de circulation).<\/li>\n<li>Les participants peuvent \u00eatre exclus de la poursuite de la participation en cas de comportement non autoris\u00e9, de non-respect des r\u00e8gles de circulation et de non-respect des instructions de la police, des contr\u00f4leurs de la circulation et\/ou de l&#039;organisation.<\/li>\n<li>Une fois inscrit, vous ne pouvez plus annuler et il n&#039;y a aucune possibilit\u00e9 de remboursement des frais d&#039;inscription.<\/li>\n<li>La participation \u00e0 la visite et l&#039;acc\u00e8s aux ravitaillements sur le parcours ne sont possibles que pour les participants inscrits. Ils sont tenus de porter le guidon clairement visible.<\/li>\n<li>Les tickets de participation sont strictement personnels et ne peuvent \u00eatre c\u00e9d\u00e9s \u00e0 des tiers. Les donn\u00e9es personnelles figurant sur le certificat de participation ne seront en aucun cas modifi\u00e9es par l&#039;organisation.<\/li>\n<li>En acceptant le panneau du guidon, les participants d\u00e9clarent qu&#039;ils sont en suffisamment bonne sant\u00e9 pour effectuer le tour et qu&#039;ils disposent d&#039;un v\u00e9lo appropri\u00e9.<\/li>\n<li>Le port d&#039;un bon casque de v\u00e9lo est obligatoire pendant toute la dur\u00e9e du tour.<br>La nature de l&#039;\u00e9v\u00e9nement n&#039;est pas une comp\u00e9tition, mais une tourn\u00e9e de performances touristiques.<\/li>\n<li>Les participants doivent se comporter comme tous les autres usagers de la route et ne pas prendre une position exceptionnelle. Toutes les r\u00e8gles de circulation s&#039;appliquent et doivent \u00eatre respect\u00e9es.<\/li>\n<li>Cela inclut \u00e9galement le v\u00e9lo c\u00f4te \u00e0 c\u00f4te. Ceci est autoris\u00e9 avec un maximum de 2, \u00e0 condition que cela ne cause aucune nuisance.<\/li>\n<li>Les participants respectent les autres usagers de la route et les r\u00e9sidents.<\/li>\n<li>Les participants respectent la nature et l&#039;environnement et d\u00e9posent leurs d\u00e9chets (y compris les peaux de bananes) dans les poubelles pr\u00e9vues au d\u00e9part, aux ravitaillements et \u00e0 l&#039;arriv\u00e9e.<\/li>\n<li>Les participants sont pleinement conscients de tous les risques associ\u00e9s \u00e0 la participation. Les participants veillent \u00e0 leur propre s\u00e9curit\u00e9 et \u00e0 celle des autres usagers de la route.<\/li>\n<li>L&#039;utilisation de v\u00e9hicules suiveurs est interdite.<\/li>\n<li>L&#039;organisation n&#039;est en aucun cas responsable des accidents ou dommages ou pertes et\/ou vols d&#039;objets personnels du participant.<\/li>\n<li>Les participants doivent imm\u00e9diatement suivre les instructions de la police et de l&#039;organisation.<\/li>\n<li>Les participants peuvent \u00eatre exclus de la poursuite de la participation en cas de comportement non autoris\u00e9, de non-respect des r\u00e8gles de circulation et de non-respect des instructions de la police et de l&#039;organisation.<\/li>\n<li>Les participants peuvent appara\u00eetre sur du mat\u00e9riel photo et vid\u00e9o utilis\u00e9 \u00e0 des fins promotionnelles et d\u00e9clarer qu&#039;ils sont d&#039;accord avec cela en participant.<\/li><li>Le coupon retro-cycling.com est valable jusqu&#039;au 25 juin 2024.<\/li>\n<\/ul>\n<h2>Le participant d\u00e9clare :<\/h2>\n<ul>\n<li>Avoir pris connaissance des r\u00e8gles (de conduite) et s&#039;y conformer.<\/li>\n<li>Participez au TOUR DE RETRO de Connecting Minds BV \u00e0 vos risques et p\u00e9rils.<\/li>\n<li>Pour terminer la tourn\u00e9e est suffisamment sain.<\/li>\n<li>Ayez du mat\u00e9riel ad\u00e9quat.<\/li>\n<\/ul>\t\t\t\t\t\t\t\t<\/div>\n\t\t\t\t<\/div>\n\t\t\t\t<div class=\"elementor-element elementor-element-b377369 elementor-widget elementor-widget-spacer\" data-id=\"b377369\" data-element_type=\"widget\" data-e-type=\"widget\" data-widget_type=\"spacer.default\">\n\t\t\t\t<div class=\"elementor-widget-container\">\n\t\t\t\t\t\t\t<div class=\"elementor-spacer\">\n\t\t\t<div class=\"elementor-spacer-inner\"><\/div>\n\t\t<\/div>\n\t\t\t\t\t\t<\/div>\n\t\t\t\t<\/div>\n\t\t\t\t\t<\/div>\n\t\t\t\t<\/div>\n\t\t\t\t<\/div>","protected":false},"excerpt":{"rendered":"<p>ALGEMENE VOORWAARDEN TOUR DE RETRO Deelname aan TOUR DE RETRO van Connecting Minds BV is geheel op eigen risico. Een deelnamebewijs is pas definitief geldig indien het (volledig) verschuldigde bedrag aan inschrijfgeld is voldaan. De organisatie behoudt zich het recht voor om deelnemers van deze toertocht die zich schuldig maken aan wangedrag ten opzichte vanmedeweggebruikers [&hellip;]<\/p>\n","protected":false},"author":3,"featured_media":0,"parent":0,"menu_order":0,"comment_status":"closed","ping_status":"closed","template":"","meta":{"_acf_changed":false,"footnotes":""},"class_list":["post-1115","page","type-page","status-publish","hentry"],"acf":[],"yoast_head":"<!-- This site is optimized with the Yoast SEO plugin v27.3 - https:\/\/yoast.com\/product\/yoast-seo-wordpress\/ -->\n<title>Algemene voorwaarden - Tour de Retro<\/title>\n<meta name=\"robots\" content=\"index, follow, max-snippet:-1, max-image-preview:large, max-video-preview:-1\" \/>\n<link rel=\"canonical\" href=\"https:\/\/tourderetro.net\/fr\/termes-et-conditions\/\" \/>\n<meta property=\"og:locale\" content=\"fr_FR\" \/>\n<meta property=\"og:type\" content=\"article\" \/>\n<meta property=\"og:title\" content=\"Algemene voorwaarden - Tour de Retro\" \/>\n<meta property=\"og:description\" content=\"ALGEMENE VOORWAARDEN TOUR DE RETRO Deelname aan TOUR DE RETRO van Connecting Minds BV is geheel op eigen risico. Een deelnamebewijs is pas definitief geldig indien het (volledig) verschuldigde bedrag aan inschrijfgeld is voldaan. De organisatie behoudt zich het recht voor om deelnemers van deze toertocht die zich schuldig maken aan wangedrag ten opzichte vanmedeweggebruikers [&hellip;]\" \/>\n<meta property=\"og:url\" content=\"https:\/\/tourderetro.net\/fr\/termes-et-conditions\/\" \/>\n<meta property=\"og:site_name\" content=\"Tour de Retro\" \/>\n<meta property=\"article:modified_time\" content=\"2023-03-24T16:57:08+00:00\" \/>\n<meta property=\"og:image\" content=\"https:\/\/tourderetro.net\/wp-content\/uploads\/2023\/02\/official_badge.png\" \/>\n<meta name=\"twitter:card\" content=\"summary_large_image\" \/>\n<meta name=\"twitter:label1\" content=\"Dur\u00e9e de lecture estim\u00e9e\" \/>\n\t<meta name=\"twitter:data1\" content=\"2 minutes\" \/>\n<script type=\"application\/ld+json\" class=\"yoast-schema-graph\">{\"@context\":\"https:\\\/\\\/schema.org\",\"@graph\":[{\"@type\":\"WebPage\",\"@id\":\"https:\\\/\\\/tourderetro.net\\\/algemene-voorwaarden\\\/\",\"url\":\"https:\\\/\\\/tourderetro.net\\\/algemene-voorwaarden\\\/\",\"name\":\"Algemene voorwaarden - Tour de Retro\",\"isPartOf\":{\"@id\":\"https:\\\/\\\/tourderetro.net\\\/#website\"},\"primaryImageOfPage\":{\"@id\":\"https:\\\/\\\/tourderetro.net\\\/algemene-voorwaarden\\\/#primaryimage\"},\"image\":{\"@id\":\"https:\\\/\\\/tourderetro.net\\\/algemene-voorwaarden\\\/#primaryimage\"},\"thumbnailUrl\":\"https:\\\/\\\/tourderetro.net\\\/wp-content\\\/uploads\\\/2023\\\/02\\\/official_badge.png\",\"datePublished\":\"2023-03-23T17:26:04+00:00\",\"dateModified\":\"2023-03-24T16:57:08+00:00\",\"breadcrumb\":{\"@id\":\"https:\\\/\\\/tourderetro.net\\\/algemene-voorwaarden\\\/#breadcrumb\"},\"inLanguage\":\"fr-FR\",\"potentialAction\":[{\"@type\":\"ReadAction\",\"target\":[\"https:\\\/\\\/tourderetro.net\\\/algemene-voorwaarden\\\/\"]}]},{\"@type\":\"ImageObject\",\"inLanguage\":\"fr-FR\",\"@id\":\"https:\\\/\\\/tourderetro.net\\\/algemene-voorwaarden\\\/#primaryimage\",\"url\":\"https:\\\/\\\/tourderetro.net\\\/wp-content\\\/uploads\\\/2023\\\/02\\\/official_badge.png\",\"contentUrl\":\"https:\\\/\\\/tourderetro.net\\\/wp-content\\\/uploads\\\/2023\\\/02\\\/official_badge.png\"},{\"@type\":\"BreadcrumbList\",\"@id\":\"https:\\\/\\\/tourderetro.net\\\/algemene-voorwaarden\\\/#breadcrumb\",\"itemListElement\":[{\"@type\":\"ListItem\",\"position\":1,\"name\":\"Home\",\"item\":\"https:\\\/\\\/tourderetro.net\\\/\"},{\"@type\":\"ListItem\",\"position\":2,\"name\":\"Algemene voorwaarden\"}]},{\"@type\":\"WebSite\",\"@id\":\"https:\\\/\\\/tourderetro.net\\\/#website\",\"url\":\"https:\\\/\\\/tourderetro.net\\\/\",\"name\":\"Tour de Retro\",\"description\":\"Tour de retro | Wieler-event | Eindhoven\",\"publisher\":{\"@id\":\"https:\\\/\\\/tourderetro.net\\\/#organization\"},\"potentialAction\":[{\"@type\":\"SearchAction\",\"target\":{\"@type\":\"EntryPoint\",\"urlTemplate\":\"https:\\\/\\\/tourderetro.net\\\/?s={search_term_string}\"},\"query-input\":{\"@type\":\"PropertyValueSpecification\",\"valueRequired\":true,\"valueName\":\"search_term_string\"}}],\"inLanguage\":\"fr-FR\"},{\"@type\":\"Organization\",\"@id\":\"https:\\\/\\\/tourderetro.net\\\/#organization\",\"name\":\"Tour de Retro\",\"url\":\"https:\\\/\\\/tourderetro.net\\\/\",\"logo\":{\"@type\":\"ImageObject\",\"inLanguage\":\"fr-FR\",\"@id\":\"https:\\\/\\\/tourderetro.net\\\/#\\\/schema\\\/logo\\\/image\\\/\",\"url\":\"https:\\\/\\\/tourderetro.net\\\/wp-content\\\/uploads\\\/2023\\\/02\\\/Logo_original.png\",\"contentUrl\":\"https:\\\/\\\/tourderetro.net\\\/wp-content\\\/uploads\\\/2023\\\/02\\\/Logo_original.png\",\"width\":500,\"height\":141,\"caption\":\"Tour de Retro\"},\"image\":{\"@id\":\"https:\\\/\\\/tourderetro.net\\\/#\\\/schema\\\/logo\\\/image\\\/\"}}]}<\/script>\n<!-- \/ Yoast SEO plugin. -->","yoast_head_json":{"title":"Termes et Conditions - Tour de R\u00e9tro","robots":{"index":"index","follow":"follow","max-snippet":"max-snippet:-1","max-image-preview":"max-image-preview:large","max-video-preview":"max-video-preview:-1"},"canonical":"https:\/\/tourderetro.net\/fr\/termes-et-conditions\/","og_locale":"fr_FR","og_type":"article","og_title":"Algemene voorwaarden - Tour de Retro","og_description":"ALGEMENE VOORWAARDEN TOUR DE RETRO Deelname aan TOUR DE RETRO van Connecting Minds BV is geheel op eigen risico. Een deelnamebewijs is pas definitief geldig indien het (volledig) verschuldigde bedrag aan inschrijfgeld is voldaan. De organisatie behoudt zich het recht voor om deelnemers van deze toertocht die zich schuldig maken aan wangedrag ten opzichte vanmedeweggebruikers [&hellip;]","og_url":"https:\/\/tourderetro.net\/fr\/termes-et-conditions\/","og_site_name":"Tour de Retro","article_modified_time":"2023-03-24T16:57:08+00:00","og_image":[{"url":"https:\/\/tourderetro.net\/wp-content\/uploads\/2023\/02\/official_badge.png","type":"","width":"","height":""}],"twitter_card":"summary_large_image","twitter_misc":{"Dur\u00e9e de lecture estim\u00e9e":"2 minutes"},"schema":{"@context":"https:\/\/schema.org","@graph":[{"@type":"WebPage","@id":"https:\/\/tourderetro.net\/algemene-voorwaarden\/","url":"https:\/\/tourderetro.net\/algemene-voorwaarden\/","name":"Termes et Conditions - Tour de R\u00e9tro","isPartOf":{"@id":"https:\/\/tourderetro.net\/#website"},"primaryImageOfPage":{"@id":"https:\/\/tourderetro.net\/algemene-voorwaarden\/#primaryimage"},"image":{"@id":"https:\/\/tourderetro.net\/algemene-voorwaarden\/#primaryimage"},"thumbnailUrl":"https:\/\/tourderetro.net\/wp-content\/uploads\/2023\/02\/official_badge.png","datePublished":"2023-03-23T17:26:04+00:00","dateModified":"2023-03-24T16:57:08+00:00","breadcrumb":{"@id":"https:\/\/tourderetro.net\/algemene-voorwaarden\/#breadcrumb"},"inLanguage":"fr-FR","potentialAction":[{"@type":"ReadAction","target":["https:\/\/tourderetro.net\/algemene-voorwaarden\/"]}]},{"@type":"ImageObject","inLanguage":"fr-FR","@id":"https:\/\/tourderetro.net\/algemene-voorwaarden\/#primaryimage","url":"https:\/\/tourderetro.net\/wp-content\/uploads\/2023\/02\/official_badge.png","contentUrl":"https:\/\/tourderetro.net\/wp-content\/uploads\/2023\/02\/official_badge.png"},{"@type":"BreadcrumbList","@id":"https:\/\/tourderetro.net\/algemene-voorwaarden\/#breadcrumb","itemListElement":[{"@type":"ListItem","position":1,"name":"Home","item":"https:\/\/tourderetro.net\/"},{"@type":"ListItem","position":2,"name":"Algemene voorwaarden"}]},{"@type":"WebSite","@id":"https:\/\/tourderetro.net\/#website","url":"https:\/\/tourderetro.net\/","name":"Visitez le r\u00e9tro","description":"Tour de r\u00e9tro | \u00c9v\u00e9nement cycliste | Eindhoven","publisher":{"@id":"https:\/\/tourderetro.net\/#organization"},"potentialAction":[{"@type":"SearchAction","target":{"@type":"EntryPoint","urlTemplate":"https:\/\/tourderetro.net\/?s={search_term_string}"},"query-input":{"@type":"PropertyValueSpecification","valueRequired":true,"valueName":"search_term_string"}}],"inLanguage":"fr-FR"},{"@type":"Organization","@id":"https:\/\/tourderetro.net\/#organization","name":"Visitez le r\u00e9tro","url":"https:\/\/tourderetro.net\/","logo":{"@type":"ImageObject","inLanguage":"fr-FR","@id":"https:\/\/tourderetro.net\/#\/schema\/logo\/image\/","url":"https:\/\/tourderetro.net\/wp-content\/uploads\/2023\/02\/Logo_original.png","contentUrl":"https:\/\/tourderetro.net\/wp-content\/uploads\/2023\/02\/Logo_original.png","width":500,"height":141,"caption":"Tour de Retro"},"image":{"@id":"https:\/\/tourderetro.net\/#\/schema\/logo\/image\/"}}]}},"_links":{"self":[{"href":"https:\/\/tourderetro.net\/fr\/wp-json\/wp\/v2\/pages\/1115","targetHints":{"allow":["GET"]}}],"collection":[{"href":"https:\/\/tourderetro.net\/fr\/wp-json\/wp\/v2\/pages"}],"about":[{"href":"https:\/\/tourderetro.net\/fr\/wp-json\/wp\/v2\/types\/page"}],"author":[{"embeddable":true,"href":"https:\/\/tourderetro.net\/fr\/wp-json\/wp\/v2\/users\/3"}],"replies":[{"embeddable":true,"href":"https:\/\/tourderetro.net\/fr\/wp-json\/wp\/v2\/comments?post=1115"}],"version-history":[{"count":10,"href":"https:\/\/tourderetro.net\/fr\/wp-json\/wp\/v2\/pages\/1115\/revisions"}],"predecessor-version":[{"id":1275,"href":"https:\/\/tourderetro.net\/fr\/wp-json\/wp\/v2\/pages\/1115\/revisions\/1275"}],"wp:attachment":[{"href":"https:\/\/tourderetro.net\/fr\/wp-json\/wp\/v2\/media?parent=1115"}],"curies":[{"name":"wp","href":"https:\/\/api.w.org\/{rel}","templated":true}]}}