{"id":1115,"date":"2023-03-23T18:26:04","date_gmt":"2023-03-23T17:26:04","guid":{"rendered":"https:\/\/tourderetro.net\/?page_id=1115"},"modified":"2023-03-24T17:57:08","modified_gmt":"2023-03-24T16:57:08","slug":"geschaftsbedingungen","status":"publish","type":"page","link":"https:\/\/tourderetro.net\/de\/algemene-voorwaarden\/","title":{"rendered":"Gesch\u00e4ftsbedingungen"},"content":{"rendered":"<div data-elementor-type=\"wp-page\" data-elementor-id=\"1115\" class=\"elementor elementor-1115\" data-elementor-post-type=\"page\">\n\t\t\t\t<div class=\"elementor-element elementor-element-3a00b85 e-flex e-con-boxed e-con e-parent\" data-id=\"3a00b85\" data-element_type=\"container\" data-e-type=\"container\">\n\t\t\t\t\t<div class=\"e-con-inner\">\n\t\t<div class=\"elementor-element elementor-element-7238b94 e-con-full e-flex e-con e-parent\" data-id=\"7238b94\" data-element_type=\"container\" data-e-type=\"container\">\n\t\t\t\t<\/div>\n\t\t<div class=\"elementor-element elementor-element-5651323 e-con-full e-flex e-con e-parent\" data-id=\"5651323\" data-element_type=\"container\" data-e-type=\"container\">\n\t\t\t\t<div class=\"elementor-element elementor-element-3cf8451 elementor-widget elementor-widget-image\" data-id=\"3cf8451\" data-element_type=\"widget\" data-e-type=\"widget\" data-widget_type=\"image.default\">\n\t\t\t\t<div class=\"elementor-widget-container\">\n\t\t\t\t\t\t\t\t\t\t\t\t\t\t\t<img fetchpriority=\"high\" decoding=\"async\" width=\"515\" height=\"479\" src=\"https:\/\/tourderetro.net\/wp-content\/uploads\/2023\/02\/official_badge.png\" class=\"attachment-large size-large wp-image-162\" alt=\"\" srcset=\"https:\/\/tourderetro.net\/wp-content\/uploads\/2023\/02\/official_badge.png 515w, https:\/\/tourderetro.net\/wp-content\/uploads\/2023\/02\/official_badge-300x279.png 300w\" sizes=\"(max-width: 515px) 100vw, 515px\" \/>\t\t\t\t\t\t\t\t\t\t\t\t\t\t\t<\/div>\n\t\t\t\t<\/div>\n\t\t\t\t<\/div>\n\t\t<div class=\"elementor-element elementor-element-b69e1b2 e-con-full e-flex e-con e-parent\" data-id=\"b69e1b2\" data-element_type=\"container\" data-e-type=\"container\">\n\t\t\t\t<\/div>\n\t\t\t\t\t<\/div>\n\t\t\t\t<\/div>\n\t\t<div class=\"elementor-element elementor-element-bb4ecb2 e-flex e-con-boxed e-con e-parent\" data-id=\"bb4ecb2\" data-element_type=\"container\" data-e-type=\"container\">\n\t\t\t\t\t<div class=\"e-con-inner\">\n\t\t\t\t<div class=\"elementor-element elementor-element-fa0a17c elementor-widget elementor-widget-heading\" data-id=\"fa0a17c\" data-element_type=\"widget\" data-e-type=\"widget\" data-widget_type=\"heading.default\">\n\t\t\t\t<div class=\"elementor-widget-container\">\n\t\t\t\t\t<h1 class=\"elementor-heading-title elementor-size-default\">GESCH\u00c4FTSBEDINGUNGEN TOUR DE RETRO<\/h1>\t\t\t\t<\/div>\n\t\t\t\t<\/div>\n\t\t\t\t<div class=\"elementor-element elementor-element-51c6572 elementor-widget elementor-widget-text-editor\" data-id=\"51c6572\" data-element_type=\"widget\" data-e-type=\"widget\" data-widget_type=\"text-editor.default\">\n\t\t\t\t<div class=\"elementor-widget-container\">\n\t\t\t\t\t\t\t\t\t<ul>\n<li>Die Teilnahme an der TOUR DE RETRO von Connecting Minds BV erfolgt ausschlie\u00dflich auf eigene Gefahr.<\/li>\n<li>Ein Teilnahmenachweis ist erst dann endg\u00fcltig g\u00fcltig, wenn der (vollst\u00e4ndige) Betrag der Anmeldegeb\u00fchr bezahlt wurde.<\/li>\n<li>Die Organisation beh\u00e4lt sich das Recht vor, Teilnehmer von dieser Tour auszuschlie\u00dfen, die sich eines Fehlverhaltens gegen\u00fcber schuldig gemacht haben<br>andere Verkehrsteilnehmer und andere Beteiligte sowie die Nichteinhaltung der gesetzlichen (Verkehrs-)Regeln.<\/li>\n<li>Teilnehmer k\u00f6nnen bei unerlaubtem Verhalten, Nichtbeachtung der Verkehrsregeln und Nichtbefolgung von Anweisungen der Polizei, Verkehrsleitstelle und\/oder Organisation von der weiteren Teilnahme ausgeschlossen werden.<\/li>\n<li>Nach erfolgter Anmeldung ist eine Stornierung nicht mehr m\u00f6glich und es besteht keine M\u00f6glichkeit der R\u00fcckerstattung der Anmeldegeb\u00fchr.<\/li>\n<li>Die Teilnahme an der Tour und der Zugang zu den Verpflegungsstationen auf der Strecke ist nur f\u00fcr angemeldete Teilnehmer m\u00f6glich. Sie sind verpflichtet, den Lenker deutlich sichtbar zu tragen.<\/li>\n<li>Teilnahmekarten sind streng pers\u00f6nlich und d\u00fcrfen nicht an Dritte weitergegeben werden. Die personenbezogenen Daten auf dem Teilnahmezertifikat werden von der Organisation unter keinen Umst\u00e4nden ver\u00e4ndert.<\/li>\n<li>Mit der Annahme des Lenkerschildes erkl\u00e4ren die Teilnehmer, dass sie f\u00fcr die Tour ausreichend gesund sind und \u00fcber ein geeignetes Fahrrad verf\u00fcgen.<\/li>\n<li>Das Tragen eines guten Fahrradhelms ist w\u00e4hrend der gesamten Tour Pflicht.<br>Der Charakter der Veranstaltung ist kein Wettbewerb, sondern eine touristische Leistungstournee.<\/li>\n<li>Die Teilnehmer m\u00fcssen sich wie alle anderen Verkehrsteilnehmer verhalten und d\u00fcrfen keine Ausnahmestellung einnehmen. Alle Verkehrsregeln gelten und m\u00fcssen eingehalten werden.<\/li>\n<li>Dazu geh\u00f6rt auch das Radfahren nebeneinander. Dies ist mit maximal 2 zul\u00e4ssig, sofern dies keine Bel\u00e4stigung verursacht.<\/li>\n<li>Die Teilnehmer respektieren andere Verkehrsteilnehmer und Anwohner.<\/li>\n<li>Die Teilnehmer respektieren Natur und Umwelt und entsorgen Abf\u00e4lle (einschlie\u00dflich Bananenschalen) in den daf\u00fcr vorgesehenen Abfallbeh\u00e4ltern am Start, an den Verpflegungsstationen und im Ziel.<\/li>\n<li>Die Teilnehmer sind sich aller mit der Teilnahme verbundenen Risiken bewusst. Die Teilnehmer achten auf ihre eigene Sicherheit und die Sicherheit anderer Verkehrsteilnehmer.<\/li>\n<li>Der Einsatz von Begleitfahrzeugen ist untersagt.<\/li>\n<li>Die Organisation haftet unter keinen Umst\u00e4nden f\u00fcr Unf\u00e4lle oder Sch\u00e4den oder Verlust und\/oder Diebstahl von pers\u00f6nlichen Gegenst\u00e4nden des Teilnehmers.<\/li>\n<li>Die Teilnehmer haben den Anweisungen der Polizei und des Veranstalters unverz\u00fcglich Folge zu leisten.<\/li>\n<li>Teilnehmer k\u00f6nnen bei unerlaubtem Verhalten, bei Nichtbeachtung der Verkehrsregeln und bei Nichtbeachtung von Anweisungen der Polizei und Organisation von der weiteren Teilnahme ausgeschlossen werden.<\/li>\n<li>Die Teilnehmer k\u00f6nnen auf zu Werbezwecken verwendetem Foto- und Videomaterial erscheinen und erkl\u00e4ren sich durch die Teilnahme damit einverstanden.<\/li><li>Der Rabattgutschein f\u00fcr retro-cycling.com ist bis zum 25. Juni 2024 g\u00fcltig.<\/li>\n<\/ul>\n<h2>Teilnehmer erkl\u00e4rt:<\/h2>\n<ul>\n<li>Die (Verhaltens-)Vorschriften zur Kenntnis genommen und eingehalten zu haben.<\/li>\n<li>Nehmen Sie auf eigene Gefahr an der TOUR DE RETRO von Connecting Minds BV teil.<\/li>\n<li>Um die Tour zu absolvieren ist ausreichend Gesundheit vorhanden.<\/li>\n<li>Richtiges Material haben.<\/li>\n<\/ul>\t\t\t\t\t\t\t\t<\/div>\n\t\t\t\t<\/div>\n\t\t\t\t<div class=\"elementor-element elementor-element-b377369 elementor-widget elementor-widget-spacer\" data-id=\"b377369\" data-element_type=\"widget\" data-e-type=\"widget\" data-widget_type=\"spacer.default\">\n\t\t\t\t<div class=\"elementor-widget-container\">\n\t\t\t\t\t\t\t<div class=\"elementor-spacer\">\n\t\t\t<div class=\"elementor-spacer-inner\"><\/div>\n\t\t<\/div>\n\t\t\t\t\t\t<\/div>\n\t\t\t\t<\/div>\n\t\t\t\t\t<\/div>\n\t\t\t\t<\/div>\n\t\t\t\t<\/div>","protected":false},"excerpt":{"rendered":"<p>ALGEMENE VOORWAARDEN TOUR DE RETRO Deelname aan TOUR DE RETRO van Connecting Minds BV is geheel op eigen risico. Een deelnamebewijs is pas definitief geldig indien het (volledig) verschuldigde bedrag aan inschrijfgeld is voldaan. De organisatie behoudt zich het recht voor om deelnemers van deze toertocht die zich schuldig maken aan wangedrag ten opzichte vanmedeweggebruikers [&hellip;]<\/p>\n","protected":false},"author":3,"featured_media":0,"parent":0,"menu_order":0,"comment_status":"closed","ping_status":"closed","template":"","meta":{"_acf_changed":false,"footnotes":""},"class_list":["post-1115","page","type-page","status-publish","hentry"],"acf":[],"yoast_head":"<!-- This site is optimized with the Yoast SEO plugin v27.3 - https:\/\/yoast.com\/product\/yoast-seo-wordpress\/ -->\n<title>Algemene voorwaarden - Tour de Retro<\/title>\n<meta name=\"robots\" content=\"index, follow, max-snippet:-1, max-image-preview:large, max-video-preview:-1\" \/>\n<link rel=\"canonical\" href=\"https:\/\/tourderetro.net\/de\/geschaftsbedingungen\/\" \/>\n<meta property=\"og:locale\" content=\"de_DE\" \/>\n<meta property=\"og:type\" content=\"article\" \/>\n<meta property=\"og:title\" content=\"Algemene voorwaarden - Tour de Retro\" \/>\n<meta property=\"og:description\" content=\"ALGEMENE VOORWAARDEN TOUR DE RETRO Deelname aan TOUR DE RETRO van Connecting Minds BV is geheel op eigen risico. Een deelnamebewijs is pas definitief geldig indien het (volledig) verschuldigde bedrag aan inschrijfgeld is voldaan. De organisatie behoudt zich het recht voor om deelnemers van deze toertocht die zich schuldig maken aan wangedrag ten opzichte vanmedeweggebruikers [&hellip;]\" \/>\n<meta property=\"og:url\" content=\"https:\/\/tourderetro.net\/de\/geschaftsbedingungen\/\" \/>\n<meta property=\"og:site_name\" content=\"Tour de Retro\" \/>\n<meta property=\"article:modified_time\" content=\"2023-03-24T16:57:08+00:00\" \/>\n<meta property=\"og:image\" content=\"https:\/\/tourderetro.net\/wp-content\/uploads\/2023\/02\/official_badge.png\" \/>\n<meta name=\"twitter:card\" content=\"summary_large_image\" \/>\n<meta name=\"twitter:label1\" content=\"Gesch\u00e4tzte Lesezeit\" \/>\n\t<meta name=\"twitter:data1\" content=\"2\u00a0Minuten\" \/>\n<script type=\"application\/ld+json\" class=\"yoast-schema-graph\">{\"@context\":\"https:\\\/\\\/schema.org\",\"@graph\":[{\"@type\":\"WebPage\",\"@id\":\"https:\\\/\\\/tourderetro.net\\\/algemene-voorwaarden\\\/\",\"url\":\"https:\\\/\\\/tourderetro.net\\\/algemene-voorwaarden\\\/\",\"name\":\"Algemene voorwaarden - Tour de Retro\",\"isPartOf\":{\"@id\":\"https:\\\/\\\/tourderetro.net\\\/#website\"},\"primaryImageOfPage\":{\"@id\":\"https:\\\/\\\/tourderetro.net\\\/algemene-voorwaarden\\\/#primaryimage\"},\"image\":{\"@id\":\"https:\\\/\\\/tourderetro.net\\\/algemene-voorwaarden\\\/#primaryimage\"},\"thumbnailUrl\":\"https:\\\/\\\/tourderetro.net\\\/wp-content\\\/uploads\\\/2023\\\/02\\\/official_badge.png\",\"datePublished\":\"2023-03-23T17:26:04+00:00\",\"dateModified\":\"2023-03-24T16:57:08+00:00\",\"breadcrumb\":{\"@id\":\"https:\\\/\\\/tourderetro.net\\\/algemene-voorwaarden\\\/#breadcrumb\"},\"inLanguage\":\"de\",\"potentialAction\":[{\"@type\":\"ReadAction\",\"target\":[\"https:\\\/\\\/tourderetro.net\\\/algemene-voorwaarden\\\/\"]}]},{\"@type\":\"ImageObject\",\"inLanguage\":\"de\",\"@id\":\"https:\\\/\\\/tourderetro.net\\\/algemene-voorwaarden\\\/#primaryimage\",\"url\":\"https:\\\/\\\/tourderetro.net\\\/wp-content\\\/uploads\\\/2023\\\/02\\\/official_badge.png\",\"contentUrl\":\"https:\\\/\\\/tourderetro.net\\\/wp-content\\\/uploads\\\/2023\\\/02\\\/official_badge.png\"},{\"@type\":\"BreadcrumbList\",\"@id\":\"https:\\\/\\\/tourderetro.net\\\/algemene-voorwaarden\\\/#breadcrumb\",\"itemListElement\":[{\"@type\":\"ListItem\",\"position\":1,\"name\":\"Home\",\"item\":\"https:\\\/\\\/tourderetro.net\\\/\"},{\"@type\":\"ListItem\",\"position\":2,\"name\":\"Algemene voorwaarden\"}]},{\"@type\":\"WebSite\",\"@id\":\"https:\\\/\\\/tourderetro.net\\\/#website\",\"url\":\"https:\\\/\\\/tourderetro.net\\\/\",\"name\":\"Tour de Retro\",\"description\":\"Tour de retro | Wieler-event | Eindhoven\",\"publisher\":{\"@id\":\"https:\\\/\\\/tourderetro.net\\\/#organization\"},\"potentialAction\":[{\"@type\":\"SearchAction\",\"target\":{\"@type\":\"EntryPoint\",\"urlTemplate\":\"https:\\\/\\\/tourderetro.net\\\/?s={search_term_string}\"},\"query-input\":{\"@type\":\"PropertyValueSpecification\",\"valueRequired\":true,\"valueName\":\"search_term_string\"}}],\"inLanguage\":\"de\"},{\"@type\":\"Organization\",\"@id\":\"https:\\\/\\\/tourderetro.net\\\/#organization\",\"name\":\"Tour de Retro\",\"url\":\"https:\\\/\\\/tourderetro.net\\\/\",\"logo\":{\"@type\":\"ImageObject\",\"inLanguage\":\"de\",\"@id\":\"https:\\\/\\\/tourderetro.net\\\/#\\\/schema\\\/logo\\\/image\\\/\",\"url\":\"https:\\\/\\\/tourderetro.net\\\/wp-content\\\/uploads\\\/2023\\\/02\\\/Logo_original.png\",\"contentUrl\":\"https:\\\/\\\/tourderetro.net\\\/wp-content\\\/uploads\\\/2023\\\/02\\\/Logo_original.png\",\"width\":500,\"height\":141,\"caption\":\"Tour de Retro\"},\"image\":{\"@id\":\"https:\\\/\\\/tourderetro.net\\\/#\\\/schema\\\/logo\\\/image\\\/\"}}]}<\/script>\n<!-- \/ Yoast SEO plugin. -->","yoast_head_json":{"title":"Allgemeine Gesch\u00e4ftsbedingungen - Tour de Retro","robots":{"index":"index","follow":"follow","max-snippet":"max-snippet:-1","max-image-preview":"max-image-preview:large","max-video-preview":"max-video-preview:-1"},"canonical":"https:\/\/tourderetro.net\/de\/geschaftsbedingungen\/","og_locale":"de_DE","og_type":"article","og_title":"Algemene voorwaarden - Tour de Retro","og_description":"ALGEMENE VOORWAARDEN TOUR DE RETRO Deelname aan TOUR DE RETRO van Connecting Minds BV is geheel op eigen risico. Een deelnamebewijs is pas definitief geldig indien het (volledig) verschuldigde bedrag aan inschrijfgeld is voldaan. De organisatie behoudt zich het recht voor om deelnemers van deze toertocht die zich schuldig maken aan wangedrag ten opzichte vanmedeweggebruikers [&hellip;]","og_url":"https:\/\/tourderetro.net\/de\/geschaftsbedingungen\/","og_site_name":"Tour de Retro","article_modified_time":"2023-03-24T16:57:08+00:00","og_image":[{"url":"https:\/\/tourderetro.net\/wp-content\/uploads\/2023\/02\/official_badge.png","type":"","width":"","height":""}],"twitter_card":"summary_large_image","twitter_misc":{"Gesch\u00e4tzte Lesezeit":"2\u00a0Minuten"},"schema":{"@context":"https:\/\/schema.org","@graph":[{"@type":"WebPage","@id":"https:\/\/tourderetro.net\/algemene-voorwaarden\/","url":"https:\/\/tourderetro.net\/algemene-voorwaarden\/","name":"Allgemeine Gesch\u00e4ftsbedingungen - Tour de Retro","isPartOf":{"@id":"https:\/\/tourderetro.net\/#website"},"primaryImageOfPage":{"@id":"https:\/\/tourderetro.net\/algemene-voorwaarden\/#primaryimage"},"image":{"@id":"https:\/\/tourderetro.net\/algemene-voorwaarden\/#primaryimage"},"thumbnailUrl":"https:\/\/tourderetro.net\/wp-content\/uploads\/2023\/02\/official_badge.png","datePublished":"2023-03-23T17:26:04+00:00","dateModified":"2023-03-24T16:57:08+00:00","breadcrumb":{"@id":"https:\/\/tourderetro.net\/algemene-voorwaarden\/#breadcrumb"},"inLanguage":"de","potentialAction":[{"@type":"ReadAction","target":["https:\/\/tourderetro.net\/algemene-voorwaarden\/"]}]},{"@type":"ImageObject","inLanguage":"de","@id":"https:\/\/tourderetro.net\/algemene-voorwaarden\/#primaryimage","url":"https:\/\/tourderetro.net\/wp-content\/uploads\/2023\/02\/official_badge.png","contentUrl":"https:\/\/tourderetro.net\/wp-content\/uploads\/2023\/02\/official_badge.png"},{"@type":"BreadcrumbList","@id":"https:\/\/tourderetro.net\/algemene-voorwaarden\/#breadcrumb","itemListElement":[{"@type":"ListItem","position":1,"name":"Home","item":"https:\/\/tourderetro.net\/"},{"@type":"ListItem","position":2,"name":"Algemene voorwaarden"}]},{"@type":"WebSite","@id":"https:\/\/tourderetro.net\/#website","url":"https:\/\/tourderetro.net\/","name":"Besichtigen Sie die Retro","description":"Retro-Tour | Radsport-Event | Eindhoven","publisher":{"@id":"https:\/\/tourderetro.net\/#organization"},"potentialAction":[{"@type":"SearchAction","target":{"@type":"EntryPoint","urlTemplate":"https:\/\/tourderetro.net\/?s={search_term_string}"},"query-input":{"@type":"PropertyValueSpecification","valueRequired":true,"valueName":"search_term_string"}}],"inLanguage":"de"},{"@type":"Organization","@id":"https:\/\/tourderetro.net\/#organization","name":"Besichtigen Sie die Retro","url":"https:\/\/tourderetro.net\/","logo":{"@type":"ImageObject","inLanguage":"de","@id":"https:\/\/tourderetro.net\/#\/schema\/logo\/image\/","url":"https:\/\/tourderetro.net\/wp-content\/uploads\/2023\/02\/Logo_original.png","contentUrl":"https:\/\/tourderetro.net\/wp-content\/uploads\/2023\/02\/Logo_original.png","width":500,"height":141,"caption":"Tour de Retro"},"image":{"@id":"https:\/\/tourderetro.net\/#\/schema\/logo\/image\/"}}]}},"_links":{"self":[{"href":"https:\/\/tourderetro.net\/de\/wp-json\/wp\/v2\/pages\/1115","targetHints":{"allow":["GET"]}}],"collection":[{"href":"https:\/\/tourderetro.net\/de\/wp-json\/wp\/v2\/pages"}],"about":[{"href":"https:\/\/tourderetro.net\/de\/wp-json\/wp\/v2\/types\/page"}],"author":[{"embeddable":true,"href":"https:\/\/tourderetro.net\/de\/wp-json\/wp\/v2\/users\/3"}],"replies":[{"embeddable":true,"href":"https:\/\/tourderetro.net\/de\/wp-json\/wp\/v2\/comments?post=1115"}],"version-history":[{"count":10,"href":"https:\/\/tourderetro.net\/de\/wp-json\/wp\/v2\/pages\/1115\/revisions"}],"predecessor-version":[{"id":1275,"href":"https:\/\/tourderetro.net\/de\/wp-json\/wp\/v2\/pages\/1115\/revisions\/1275"}],"wp:attachment":[{"href":"https:\/\/tourderetro.net\/de\/wp-json\/wp\/v2\/media?parent=1115"}],"curies":[{"name":"wp","href":"https:\/\/api.w.org\/{rel}","templated":true}]}}